{"id":142,"date":"2021-08-30T17:38:31","date_gmt":"2021-08-30T14:38:31","guid":{"rendered":"\/rottas\/?page_id=142"},"modified":"2026-01-16T13:49:39","modified_gmt":"2026-01-16T13:49:39","slug":"historia","status":"publish","type":"page","link":"https:\/\/rottasconstrutora.com.br\/rottas\/historia\/","title":{"rendered":"Hist\u00f3ria"},"content":{"rendered":"","protected":false},"excerpt":{"rendered":"","protected":false},"author":1,"featured_media":0,"parent":0,"menu_order":0,"comment_status":"closed","ping_status":"closed","template":"page-historia.php","meta":{"inline_featured_image":false,"footnotes":""},"class_list":["post-142","page","type-page","status-publish","hentry"],"acf":[],"yoast_head":"<!-- This site is optimized with the Yoast SEO plugin v27.5 - https:\/\/yoast.com\/product\/yoast-seo-wordpress\/ -->\n<title>Hist\u00f3ria - Rottas Construtora<\/title>\n<meta name=\"description\" content=\"Conhe\u00e7a um pouca da hist\u00f3ria da Rottas Construtora, uma construtora que honra sua hist\u00f3ria e faz quest\u00e3o de sempre evoluir.\" \/>\n<meta name=\"robots\" content=\"index, follow, max-snippet:-1, max-image-preview:large, max-video-preview:-1\" \/>\n<link rel=\"canonical\" href=\"https:\/\/rottasconstrutora.com.br\/rottas\/historia\/\" \/>\n<meta property=\"og:locale\" content=\"pt_BR\" \/>\n<meta property=\"og:type\" content=\"article\" \/>\n<meta property=\"og:title\" content=\"Hist\u00f3ria - Rottas Construtora\" \/>\n<meta property=\"og:description\" content=\"Conhe\u00e7a um pouca da hist\u00f3ria da Rottas Construtora, uma construtora que honra sua hist\u00f3ria e faz quest\u00e3o de sempre evoluir.\" \/>\n<meta property=\"og:url\" content=\"https:\/\/rottasconstrutora.com.br\/rottas\/historia\/\" \/>\n<meta property=\"og:site_name\" content=\"Rottas Construtora\" \/>\n<meta property=\"article:modified_time\" content=\"2026-01-16T13:49:39+00:00\" \/>\n<meta name=\"twitter:card\" content=\"summary_large_image\" \/>\n<script type=\"application\/ld+json\" class=\"yoast-schema-graph\">{\"@context\":\"https:\\\/\\\/schema.org\",\"@graph\":[{\"@type\":\"WebPage\",\"@id\":\"https:\\\/\\\/rottasconstrutora.com.br\\\/rottas\\\/historia\\\/\",\"url\":\"https:\\\/\\\/rottasconstrutora.com.br\\\/rottas\\\/historia\\\/\",\"name\":\"Hist\u00f3ria - Rottas Construtora\",\"isPartOf\":{\"@id\":\"https:\\\/\\\/rottasconstrutora.com.br\\\/rottas\\\/#website\"},\"datePublished\":\"2021-08-30T14:38:31+00:00\",\"dateModified\":\"2026-01-16T13:49:39+00:00\",\"description\":\"Conhe\u00e7a um pouca da hist\u00f3ria da Rottas Construtora, uma construtora que honra sua hist\u00f3ria e faz quest\u00e3o de sempre evoluir.\",\"breadcrumb\":{\"@id\":\"https:\\\/\\\/rottasconstrutora.com.br\\\/rottas\\\/historia\\\/#breadcrumb\"},\"inLanguage\":\"pt-BR\",\"potentialAction\":[{\"@type\":\"ReadAction\",\"target\":[\"https:\\\/\\\/rottasconstrutora.com.br\\\/rottas\\\/historia\\\/\"]}]},{\"@type\":\"BreadcrumbList\",\"@id\":\"https:\\\/\\\/rottasconstrutora.com.br\\\/rottas\\\/historia\\\/#breadcrumb\",\"itemListElement\":[{\"@type\":\"ListItem\",\"position\":1,\"name\":\"Rottas\",\"item\":\"https:\\\/\\\/rottasconstrutora.com.br\\\/rottas\\\/\"},{\"@type\":\"ListItem\",\"position\":2,\"name\":\"Hist\u00f3ria\"}]},{\"@type\":\"WebSite\",\"@id\":\"https:\\\/\\\/rottasconstrutora.com.br\\\/rottas\\\/#website\",\"url\":\"https:\\\/\\\/rottasconstrutora.com.br\\\/rottas\\\/\",\"name\":\"Rottas Construtora\",\"description\":\"Just another WordPress site\",\"potentialAction\":[{\"@type\":\"SearchAction\",\"target\":{\"@type\":\"EntryPoint\",\"urlTemplate\":\"https:\\\/\\\/rottasconstrutora.com.br\\\/rottas\\\/?s={search_term_string}\"},\"query-input\":{\"@type\":\"PropertyValueSpecification\",\"valueRequired\":true,\"valueName\":\"search_term_string\"}}],\"inLanguage\":\"pt-BR\"}]}<\/script>\n<!-- \/ Yoast SEO plugin. -->","yoast_head_json":{"title":"Hist\u00f3ria - Rottas Construtora","description":"Conhe\u00e7a um pouca da hist\u00f3ria da Rottas Construtora, uma construtora que honra sua hist\u00f3ria e faz quest\u00e3o de sempre evoluir.","robots":{"index":"index","follow":"follow","max-snippet":"max-snippet:-1","max-image-preview":"max-image-preview:large","max-video-preview":"max-video-preview:-1"},"canonical":"https:\/\/rottasconstrutora.com.br\/rottas\/historia\/","og_locale":"pt_BR","og_type":"article","og_title":"Hist\u00f3ria - Rottas Construtora","og_description":"Conhe\u00e7a um pouca da hist\u00f3ria da Rottas Construtora, uma construtora que honra sua hist\u00f3ria e faz quest\u00e3o de sempre evoluir.","og_url":"https:\/\/rottasconstrutora.com.br\/rottas\/historia\/","og_site_name":"Rottas Construtora","article_modified_time":"2026-01-16T13:49:39+00:00","twitter_card":"summary_large_image","schema":{"@context":"https:\/\/schema.org","@graph":[{"@type":"WebPage","@id":"https:\/\/rottasconstrutora.com.br\/rottas\/historia\/","url":"https:\/\/rottasconstrutora.com.br\/rottas\/historia\/","name":"Hist\u00f3ria - Rottas Construtora","isPartOf":{"@id":"https:\/\/rottasconstrutora.com.br\/rottas\/#website"},"datePublished":"2021-08-30T14:38:31+00:00","dateModified":"2026-01-16T13:49:39+00:00","description":"Conhe\u00e7a um pouca da hist\u00f3ria da Rottas Construtora, uma construtora que honra sua hist\u00f3ria e faz quest\u00e3o de sempre evoluir.","breadcrumb":{"@id":"https:\/\/rottasconstrutora.com.br\/rottas\/historia\/#breadcrumb"},"inLanguage":"pt-BR","potentialAction":[{"@type":"ReadAction","target":["https:\/\/rottasconstrutora.com.br\/rottas\/historia\/"]}]},{"@type":"BreadcrumbList","@id":"https:\/\/rottasconstrutora.com.br\/rottas\/historia\/#breadcrumb","itemListElement":[{"@type":"ListItem","position":1,"name":"Rottas","item":"https:\/\/rottasconstrutora.com.br\/rottas\/"},{"@type":"ListItem","position":2,"name":"Hist\u00f3ria"}]},{"@type":"WebSite","@id":"https:\/\/rottasconstrutora.com.br\/rottas\/#website","url":"https:\/\/rottasconstrutora.com.br\/rottas\/","name":"Rottas Construtora","description":"Just another WordPress site","potentialAction":[{"@type":"SearchAction","target":{"@type":"EntryPoint","urlTemplate":"https:\/\/rottasconstrutora.com.br\/rottas\/?s={search_term_string}"},"query-input":{"@type":"PropertyValueSpecification","valueRequired":true,"valueName":"search_term_string"}}],"inLanguage":"pt-BR"}]}},"_links":{"self":[{"href":"https:\/\/rottasconstrutora.com.br\/rottas\/wp-json\/wp\/v2\/pages\/142","targetHints":{"allow":["GET"]}}],"collection":[{"href":"https:\/\/rottasconstrutora.com.br\/rottas\/wp-json\/wp\/v2\/pages"}],"about":[{"href":"https:\/\/rottasconstrutora.com.br\/rottas\/wp-json\/wp\/v2\/types\/page"}],"author":[{"embeddable":true,"href":"https:\/\/rottasconstrutora.com.br\/rottas\/wp-json\/wp\/v2\/users\/1"}],"replies":[{"embeddable":true,"href":"https:\/\/rottasconstrutora.com.br\/rottas\/wp-json\/wp\/v2\/comments?post=142"}],"version-history":[{"count":16,"href":"https:\/\/rottasconstrutora.com.br\/rottas\/wp-json\/wp\/v2\/pages\/142\/revisions"}],"predecessor-version":[{"id":7389,"href":"https:\/\/rottasconstrutora.com.br\/rottas\/wp-json\/wp\/v2\/pages\/142\/revisions\/7389"}],"wp:attachment":[{"href":"https:\/\/rottasconstrutora.com.br\/rottas\/wp-json\/wp\/v2\/media?parent=142"}],"curies":[{"name":"wp","href":"https:\/\/api.w.org\/{rel}","templated":true}]}}